{"id":202,"date":"2016-05-09T12:12:47","date_gmt":"2016-05-09T12:12:47","guid":{"rendered":"http:\/\/wachtelhundklubben.com\/swk-vast\/?page_id=202"},"modified":"2026-04-22T07:51:32","modified_gmt":"2026-04-22T07:51:32","slug":"formaner-som-medlem-i-swk-vast","status":"publish","type":"page","link":"https:\/\/wachtelhundklubben.com\/swk-vast\/start\/formaner-som-medlem-i-swk-vast\/","title":{"rendered":"F\u00f6rm\u00e5ner som medlem i SWK V\u00e4st"},"content":{"rendered":"","protected":false},"excerpt":{"rendered":"","protected":false},"author":2,"featured_media":0,"parent":67,"menu_order":10,"comment_status":"closed","ping_status":"closed","template":"","meta":{"footnotes":""},"_links":{"self":[{"href":"https:\/\/wachtelhundklubben.com\/swk-vast\/wp-json\/wp\/v2\/pages\/202"}],"collection":[{"href":"https:\/\/wachtelhundklubben.com\/swk-vast\/wp-json\/wp\/v2\/pages"}],"about":[{"href":"https:\/\/wachtelhundklubben.com\/swk-vast\/wp-json\/wp\/v2\/types\/page"}],"author":[{"embeddable":true,"href":"https:\/\/wachtelhundklubben.com\/swk-vast\/wp-json\/wp\/v2\/users\/2"}],"replies":[{"embeddable":true,"href":"https:\/\/wachtelhundklubben.com\/swk-vast\/wp-json\/wp\/v2\/comments?post=202"}],"version-history":[{"count":2,"href":"https:\/\/wachtelhundklubben.com\/swk-vast\/wp-json\/wp\/v2\/pages\/202\/revisions"}],"predecessor-version":[{"id":1284,"href":"https:\/\/wachtelhundklubben.com\/swk-vast\/wp-json\/wp\/v2\/pages\/202\/revisions\/1284"}],"up":[{"embeddable":true,"href":"https:\/\/wachtelhundklubben.com\/swk-vast\/wp-json\/wp\/v2\/pages\/67"}],"wp:attachment":[{"href":"https:\/\/wachtelhundklubben.com\/swk-vast\/wp-json\/wp\/v2\/media?parent=202"}],"curies":[{"name":"wp","href":"https:\/\/api.w.org\/{rel}","templated":true}]}}