{"id":77,"date":"2016-05-10T18:59:49","date_gmt":"2016-05-10T18:59:49","guid":{"rendered":"http:\/\/wachtelhundklubben.com\/swk-ostergotland-narke\/?page_id=77"},"modified":"2026-03-24T16:14:35","modified_gmt":"2026-03-24T16:14:35","slug":"styrelse-swk-ostergotlandnarke","status":"publish","type":"page","link":"https:\/\/wachtelhundklubben.com\/swk-ostergotland-narke\/start\/styrelse-swk-ostergotlandnarke\/","title":{"rendered":"Styrelsen f\u00f6r SWK \u00d6sterg\u00f6tland\/N\u00e4rke"},"content":{"rendered":"","protected":false},"excerpt":{"rendered":"","protected":false},"author":2,"featured_media":0,"parent":67,"menu_order":6,"comment_status":"closed","ping_status":"closed","template":"","meta":{"footnotes":""},"_links":{"self":[{"href":"https:\/\/wachtelhundklubben.com\/swk-ostergotland-narke\/wp-json\/wp\/v2\/pages\/77"}],"collection":[{"href":"https:\/\/wachtelhundklubben.com\/swk-ostergotland-narke\/wp-json\/wp\/v2\/pages"}],"about":[{"href":"https:\/\/wachtelhundklubben.com\/swk-ostergotland-narke\/wp-json\/wp\/v2\/types\/page"}],"author":[{"embeddable":true,"href":"https:\/\/wachtelhundklubben.com\/swk-ostergotland-narke\/wp-json\/wp\/v2\/users\/2"}],"replies":[{"embeddable":true,"href":"https:\/\/wachtelhundklubben.com\/swk-ostergotland-narke\/wp-json\/wp\/v2\/comments?post=77"}],"version-history":[{"count":5,"href":"https:\/\/wachtelhundklubben.com\/swk-ostergotland-narke\/wp-json\/wp\/v2\/pages\/77\/revisions"}],"predecessor-version":[{"id":329,"href":"https:\/\/wachtelhundklubben.com\/swk-ostergotland-narke\/wp-json\/wp\/v2\/pages\/77\/revisions\/329"}],"up":[{"embeddable":true,"href":"https:\/\/wachtelhundklubben.com\/swk-ostergotland-narke\/wp-json\/wp\/v2\/pages\/67"}],"wp:attachment":[{"href":"https:\/\/wachtelhundklubben.com\/swk-ostergotland-narke\/wp-json\/wp\/v2\/media?parent=77"}],"curies":[{"name":"wp","href":"https:\/\/api.w.org\/{rel}","templated":true}]}}